{"id":7,"date":"2024-01-26T09:36:08","date_gmt":"2024-01-26T09:36:08","guid":{"rendered":"https:\/\/macieo.insa-rennes.fr\/?p=7"},"modified":"2025-06-17T14:17:33","modified_gmt":"2025-06-17T12:17:33","slug":"wp1-etude-des-verres-de-chalcogenures-et-de-leur-illumination-optique","status":"publish","type":"page","link":"https:\/\/macieo.insa-rennes.fr\/fr\/presentation-du-projet\/wp1-etude-des-verres-de-chalcogenures-et-de-leur-illumination-optique\/","title":{"rendered":"WP1"},"content":{"rendered":"\n<p class=\"has-large-font-size\"><strong>\u00c9tude des verres de chalcog\u00e9nures et de leur illumination optique<\/strong><\/p>\n\n\n\n<p>Ce premier Work-Package a pour objectifs principaux :<\/p>\n\n\n\n<ul class=\"wp-block-list\">\n<li>d&rsquo;analyser et d&rsquo;\u00e9tudier diff\u00e9rentes compositions de couches minces de chalcog\u00e9nures ;<\/li>\n\n\n\n<li>de choisir les compositions les plus optimales au regard des applications vis\u00e9es dans le projet MACIEO ;<\/li>\n\n\n\n<li>de fabriquer et d\u00e9poser des couches minces de chalcog\u00e9nures ;<\/li>\n\n\n\n<li>d&rsquo;\u00e9tudier les param\u00e8tres d&rsquo;illumination optique permettant une transition r\u00e9ciproque entre les \u00e9tats amorphe et cristallin de ces mat\u00e9riaux.<\/li>\n<\/ul>\n\n\n\n<p><\/p>\n","protected":false},"excerpt":{"rendered":"<p>\u00c9tude des verres de chalcog\u00e9nures et de leur illumination optique Ce premier Work-Package a pour objectifs principaux :<\/p>\n","protected":false},"author":1,"featured_media":0,"parent":22,"menu_order":0,"comment_status":"open","ping_status":"closed","template":"","meta":{"footnotes":""},"class_list":["post-7","page","type-page","status-publish","hentry"],"_links":{"self":[{"href":"https:\/\/macieo.insa-rennes.fr\/fr\/wp-json\/wp\/v2\/pages\/7","targetHints":{"allow":["GET"]}}],"collection":[{"href":"https:\/\/macieo.insa-rennes.fr\/fr\/wp-json\/wp\/v2\/pages"}],"about":[{"href":"https:\/\/macieo.insa-rennes.fr\/fr\/wp-json\/wp\/v2\/types\/page"}],"author":[{"embeddable":true,"href":"https:\/\/macieo.insa-rennes.fr\/fr\/wp-json\/wp\/v2\/users\/1"}],"replies":[{"embeddable":true,"href":"https:\/\/macieo.insa-rennes.fr\/fr\/wp-json\/wp\/v2\/comments?post=7"}],"version-history":[{"count":2,"href":"https:\/\/macieo.insa-rennes.fr\/fr\/wp-json\/wp\/v2\/pages\/7\/revisions"}],"predecessor-version":[{"id":35,"href":"https:\/\/macieo.insa-rennes.fr\/fr\/wp-json\/wp\/v2\/pages\/7\/revisions\/35"}],"up":[{"embeddable":true,"href":"https:\/\/macieo.insa-rennes.fr\/fr\/wp-json\/wp\/v2\/pages\/22"}],"wp:attachment":[{"href":"https:\/\/macieo.insa-rennes.fr\/fr\/wp-json\/wp\/v2\/media?parent=7"}],"curies":[{"name":"wp","href":"https:\/\/api.w.org\/{rel}","templated":true}]}}