{"id":336,"date":"2025-06-19T14:42:25","date_gmt":"2025-06-19T12:42:25","guid":{"rendered":"https:\/\/macieo.insa-rennes.fr\/?page_id=336"},"modified":"2025-06-19T14:43:26","modified_gmt":"2025-06-19T12:43:26","slug":"chalcogenure","status":"publish","type":"page","link":"https:\/\/macieo.insa-rennes.fr\/fr\/vulgarisation\/chalcogenure\/","title":{"rendered":"Chalcog\u00e9nure"},"content":{"rendered":"\n<p>Commen\u00e7ons par d\u00e9couvrir de quoi est compos\u00e9 un chalcog\u00e9nure comme son nom l&rsquo;indique c&rsquo;est un mat\u00e9riau qui est compos\u00e9 d&rsquo;au moins un chalcog\u00e8ne, donc d&rsquo;un \u00e9l\u00e9ment chimique qui se trouve sur la 16\u00e8me colonne. Avec un \u00e9l\u00e9ment m\u00e9tallique&#8230;<\/p>\n\n\n\n<p><\/p>\n","protected":false},"excerpt":{"rendered":"<p>Commen\u00e7ons par d\u00e9couvrir de quoi est compos\u00e9 un chalcog\u00e9nure comme son nom l&rsquo;indique c&rsquo;est un mat\u00e9riau qui est compos\u00e9 d&rsquo;au moins un chalcog\u00e8ne, donc d&rsquo;un \u00e9l\u00e9ment chimique qui se trouve sur la 16\u00e8me colonne. Avec un \u00e9l\u00e9ment m\u00e9tallique&#8230;<\/p>\n","protected":false},"author":1,"featured_media":0,"parent":25,"menu_order":0,"comment_status":"closed","ping_status":"closed","template":"","meta":{"footnotes":""},"class_list":["post-336","page","type-page","status-publish","hentry"],"_links":{"self":[{"href":"https:\/\/macieo.insa-rennes.fr\/fr\/wp-json\/wp\/v2\/pages\/336","targetHints":{"allow":["GET"]}}],"collection":[{"href":"https:\/\/macieo.insa-rennes.fr\/fr\/wp-json\/wp\/v2\/pages"}],"about":[{"href":"https:\/\/macieo.insa-rennes.fr\/fr\/wp-json\/wp\/v2\/types\/page"}],"author":[{"embeddable":true,"href":"https:\/\/macieo.insa-rennes.fr\/fr\/wp-json\/wp\/v2\/users\/1"}],"replies":[{"embeddable":true,"href":"https:\/\/macieo.insa-rennes.fr\/fr\/wp-json\/wp\/v2\/comments?post=336"}],"version-history":[{"count":2,"href":"https:\/\/macieo.insa-rennes.fr\/fr\/wp-json\/wp\/v2\/pages\/336\/revisions"}],"predecessor-version":[{"id":338,"href":"https:\/\/macieo.insa-rennes.fr\/fr\/wp-json\/wp\/v2\/pages\/336\/revisions\/338"}],"up":[{"embeddable":true,"href":"https:\/\/macieo.insa-rennes.fr\/fr\/wp-json\/wp\/v2\/pages\/25"}],"wp:attachment":[{"href":"https:\/\/macieo.insa-rennes.fr\/fr\/wp-json\/wp\/v2\/media?parent=336"}],"curies":[{"name":"wp","href":"https:\/\/api.w.org\/{rel}","templated":true}]}}