{"id":33,"date":"2024-02-05T15:06:44","date_gmt":"2024-02-05T15:06:44","guid":{"rendered":"https:\/\/macieo.insa-rennes.fr\/?page_id=33"},"modified":"2025-06-17T14:17:51","modified_gmt":"2025-06-17T12:17:51","slug":"wp4-panneau-rayonnant-a-reconfiguration-multiple","status":"publish","type":"page","link":"https:\/\/macieo.insa-rennes.fr\/fr\/presentation-du-projet\/wp4-panneau-rayonnant-a-reconfiguration-multiple\/","title":{"rendered":"WP4"},"content":{"rendered":"\n<p class=\"has-large-font-size\"><strong>Panneau rayonnant \u00e0 reconfiguration multiple<\/strong><\/p>\n\n\n\n<p>Ce quatri\u00e8me WP est le plus ambitieux en terme de d\u00e9monstrateur final envisag\u00e9. Il s&rsquo;agira ici de concevoir et d\u00e9velopper un panneau rayonnant de type Surface Intelligente Reconfigurable (RIS pour Reconfigurable Intelligent Surface en anglais) autour de 30 GHz qui permettra un contr\u00f4le ind\u00e9pendant de la direction de rayonnement et de la polarisation de l&rsquo;onde r\u00e9fl\u00e9chie. La premi\u00e8re \u00e9tape consistera \u00e0 d\u00e9velopper un panneau permettant de diriger le faisceau rayonnant dans n&rsquo;importe quelle direction sur deux polarisations lin\u00e9aires orthogonales. La seconde \u00e9tape consistera \u00e0 multiplier le nombre de polarisations possibles en introduisant la possibilit\u00e9 de produire des polarisations circulaires.<\/p>\n","protected":false},"excerpt":{"rendered":"<p>Panneau rayonnant \u00e0 reconfiguration multiple Ce quatri\u00e8me WP est le plus ambitieux en terme de d\u00e9monstrateur final envisag\u00e9. Il s&rsquo;agira ici de concevoir et d\u00e9velopper un panneau rayonnant de type Surface Intelligente Reconfigurable (RIS pour Reconfigurable Intelligent Surface en anglais) autour de 30 GHz qui permettra un contr\u00f4le ind\u00e9pendant de la direction de rayonnement et [&hellip;]<\/p>\n","protected":false},"author":1,"featured_media":0,"parent":22,"menu_order":0,"comment_status":"closed","ping_status":"closed","template":"","meta":{"footnotes":""},"class_list":["post-33","page","type-page","status-publish","hentry"],"_links":{"self":[{"href":"https:\/\/macieo.insa-rennes.fr\/fr\/wp-json\/wp\/v2\/pages\/33","targetHints":{"allow":["GET"]}}],"collection":[{"href":"https:\/\/macieo.insa-rennes.fr\/fr\/wp-json\/wp\/v2\/pages"}],"about":[{"href":"https:\/\/macieo.insa-rennes.fr\/fr\/wp-json\/wp\/v2\/types\/page"}],"author":[{"embeddable":true,"href":"https:\/\/macieo.insa-rennes.fr\/fr\/wp-json\/wp\/v2\/users\/1"}],"replies":[{"embeddable":true,"href":"https:\/\/macieo.insa-rennes.fr\/fr\/wp-json\/wp\/v2\/comments?post=33"}],"version-history":[{"count":2,"href":"https:\/\/macieo.insa-rennes.fr\/fr\/wp-json\/wp\/v2\/pages\/33\/revisions"}],"predecessor-version":[{"id":38,"href":"https:\/\/macieo.insa-rennes.fr\/fr\/wp-json\/wp\/v2\/pages\/33\/revisions\/38"}],"up":[{"embeddable":true,"href":"https:\/\/macieo.insa-rennes.fr\/fr\/wp-json\/wp\/v2\/pages\/22"}],"wp:attachment":[{"href":"https:\/\/macieo.insa-rennes.fr\/fr\/wp-json\/wp\/v2\/media?parent=33"}],"curies":[{"name":"wp","href":"https:\/\/api.w.org\/{rel}","templated":true}]}}