{"id":22,"date":"2024-01-26T14:56:34","date_gmt":"2024-01-26T14:56:34","guid":{"rendered":"https:\/\/macieo.insa-rennes.fr\/?page_id=22"},"modified":"2025-06-20T09:41:57","modified_gmt":"2025-06-20T07:41:57","slug":"presentation-du-projet","status":"publish","type":"page","link":"https:\/\/macieo.insa-rennes.fr\/fr\/presentation-du-projet\/","title":{"rendered":"Le projet"},"content":{"rendered":"\n<p>Le projet MACIEO a pour objectif de proposer de <strong>nouvelles solutions pour augmenter les capacit\u00e9s de reconfiguration d\u2019antennes et circuits micro-ondes<\/strong> pour les futurs syst\u00e8mes de communication civils ou militaires&nbsp;: xG, IoT, constellations de satellites, etc. Pour cela, <strong>2 solutions innovantes<\/strong> seront combin\u00e9es pour permettre des reconfigurations multiples sur un m\u00eame composant en minimisant la complexit\u00e9. La premi\u00e8re solution se base sur le <strong>contr\u00f4le \u00e9lectrique de jonctions semi-conductrices directement int\u00e9gr\u00e9es dans un substrat par dopage localis\u00e9<\/strong>. Ceci offre une grande flexibilit\u00e9 en termes de tailles ou de formes des jonctions et de conception de circuits reconfigurables. La seconde solution se base sur <strong>le contr\u00f4le optique de l\u2019\u00e9tat (amorphe\/cristalline) de couches minces de chalcog\u00e9nures<\/strong> conduisant \u00e0 une forte variation de leur conductivit\u00e9. La premi\u00e8re solution permettant le contr\u00f4le de nombreuses jonctions avec un seul signal \u00e9lectrique et la seconde utilisant un signal optique, leur combinaison en une structure hybride multiplie les fonctionnalit\u00e9s offertes par un composant en minimisant le nombre de circuits de polarisation et d\u2019isolation ou de composants report\u00e9s\u2026 Les preuves de concept envisag\u00e9es sont des <strong>filtres en technologies planaires et SIW reconfigurables<\/strong> ind\u00e9pendamment en fr\u00e9quence centrale et en bande passante et des <strong>surfaces intelligentes reconfigurables (RIS) \u00e0 fr\u00e9quence variable et\/ou \u00e0 balayage de faisceaux sur diff\u00e9rentes polarisations<\/strong>, en bande Ka.<\/p>\n\n\n\n<p><a href=\"https:\/\/macieo.insa-rennes.fr\/l-equipe\/\" data-type=\"page\" data-id=\"2\">Quatre partenaires<\/a> aux comp\u00e9tences tr\u00e8s diff\u00e9rentes mais compl\u00e9mentaires r\u00e9unissent leurs forces et moyens pour mener \u00e0 bien ce projet qui se d\u00e9coupe en 4 parties principales :<\/p>\n\n\n\n<ul class=\"wp-block-list\">\n<li><a href=\"https:\/\/macieo.insa-rennes.fr\/presentation-du-projet\/wp1-etude-des-verres-de-chalcogenures-et-de-leur-illumination-optique\/\" data-type=\"page\" data-id=\"7\">WP 1 : \u00c9tude des mat\u00e9riaux de chalcog\u00e9nure et de leur activation optique.<\/a><\/li>\n\n\n\n<li><a href=\"https:\/\/macieo.insa-rennes.fr\/presentation-du-projet\/hello-world\/\" data-type=\"page\" data-id=\"1\">WP 2 : Association des 2 techniques de reconfiguration.<\/a><\/li>\n\n\n\n<li><a href=\"https:\/\/macieo.insa-rennes.fr\/presentation-du-projet\/wp3-filtres-a-double-reconfiguration\/\" data-type=\"page\" data-id=\"31\">WP 3 : Design et caract\u00e9risation de filtres \u00e0 double reconfiguration.<\/a><\/li>\n\n\n\n<li><a href=\"https:\/\/macieo.insa-rennes.fr\/presentation-du-projet\/wp4-panneau-rayonnant-a-reconfiguration-multiple\/\" data-type=\"page\" data-id=\"33\">WP 4 : D\u00e9veloppement d&rsquo;un panneau rayonnant \u00e0 reconfiguration multiple.<\/a><\/li>\n<\/ul>\n\n\n\n<figure class=\"wp-block-image size-full\"><img loading=\"lazy\" decoding=\"async\" width=\"1727\" height=\"947\" src=\"https:\/\/macieo.insa-rennes.fr\/wp-content\/uploads\/2024\/04\/Structuration_projet.png\" alt=\"\" class=\"wp-image-105\"\/><\/figure>\n","protected":false},"excerpt":{"rendered":"<p>Le projet MACIEO a pour objectif de proposer de nouvelles solutions pour augmenter les capacit\u00e9s de reconfiguration d\u2019antennes et circuits micro-ondes pour les futurs syst\u00e8mes de communication civils ou militaires&nbsp;: xG, IoT, constellations de satellites, etc. Pour cela, 2 solutions innovantes seront combin\u00e9es pour permettre des reconfigurations multiples sur un m\u00eame composant en minimisant la [&hellip;]<\/p>\n","protected":false},"author":1,"featured_media":0,"parent":0,"menu_order":0,"comment_status":"closed","ping_status":"closed","template":"","meta":{"footnotes":""},"class_list":["post-22","page","type-page","status-publish","hentry"],"_links":{"self":[{"href":"https:\/\/macieo.insa-rennes.fr\/fr\/wp-json\/wp\/v2\/pages\/22","targetHints":{"allow":["GET"]}}],"collection":[{"href":"https:\/\/macieo.insa-rennes.fr\/fr\/wp-json\/wp\/v2\/pages"}],"about":[{"href":"https:\/\/macieo.insa-rennes.fr\/fr\/wp-json\/wp\/v2\/types\/page"}],"author":[{"embeddable":true,"href":"https:\/\/macieo.insa-rennes.fr\/fr\/wp-json\/wp\/v2\/users\/1"}],"replies":[{"embeddable":true,"href":"https:\/\/macieo.insa-rennes.fr\/fr\/wp-json\/wp\/v2\/comments?post=22"}],"version-history":[{"count":9,"href":"https:\/\/macieo.insa-rennes.fr\/fr\/wp-json\/wp\/v2\/pages\/22\/revisions"}],"predecessor-version":[{"id":365,"href":"https:\/\/macieo.insa-rennes.fr\/fr\/wp-json\/wp\/v2\/pages\/22\/revisions\/365"}],"wp:attachment":[{"href":"https:\/\/macieo.insa-rennes.fr\/fr\/wp-json\/wp\/v2\/media?parent=22"}],"curies":[{"name":"wp","href":"https:\/\/api.w.org\/{rel}","templated":true}]}}