{"id":2,"date":"2024-01-24T16:57:58","date_gmt":"2024-01-24T16:57:58","guid":{"rendered":"https:\/\/macieo.insa-rennes.fr\/?page_id=2"},"modified":"2025-07-07T15:43:02","modified_gmt":"2025-07-07T13:43:02","slug":"l-equipe","status":"publish","type":"page","link":"https:\/\/macieo.insa-rennes.fr\/fr\/l-equipe\/","title":{"rendered":"L&rsquo;\u00e9quipe"},"content":{"rendered":"\n<div class=\"wp-block-columns alignwide is-layout-flex wp-container-core-columns-is-layout-28f84493 wp-block-columns-is-layout-flex\">\n<div class=\"wp-block-column is-layout-flow wp-block-column-is-layout-flow\" style=\"flex-basis:5%\"><\/div>\n\n\n\n<div class=\"wp-block-column is-layout-flow wp-block-column-is-layout-flow\" style=\"flex-basis:90%\">\n<h2 class=\"wp-block-heading\">L&rsquo;\u00e9quipe<\/h2>\n\n\n\n<p>Le projet MACIEO regroupe 4 laboratoires de recherche acad\u00e9miques bretons, tous affili\u00e9s au CNRS, avec des champs th\u00e9matiques tr\u00e8s diff\u00e9rents mais tr\u00e8s compl\u00e9mentaires. On retrouve au sein de l&rsquo;\u00e9quipe des sp\u00e9cialistes des antennes et circuits hyperfr\u00e9quences, de l&rsquo;optique et des lasers, de la micro\u00e9lectronique, des verres et c\u00e9ramiques, etc. Ces 4 entit\u00e9s de recherche sont pr\u00e9sent\u00e9es ci-dessous par ordre alphab\u00e9tique.<\/p>\n\n\n\n<div style=\"height:20px\" aria-hidden=\"true\" class=\"wp-block-spacer\"><\/div>\n\n\n\n    <script>if (typeof reacg_data === \"undefined\") { var reacg_data = {}; } reacg_data[513] = {\"images\":[{\"original\":{\"url\":\"https:\\\/\\\/macieo.insa-rennes.fr\\\/wp-content\\\/uploads\\\/2025\\\/06\\\/IETR-fr.webp\",\"width\":2010,\"height\":810},\"thumbnail\":{\"url\":\"https:\\\/\\\/macieo.insa-rennes.fr\\\/wp-content\\\/uploads\\\/2025\\\/06\\\/IETR-fr-300x121.webp\",\"width\":300,\"height\":121},\"medium_large\":{\"url\":\"https:\\\/\\\/macieo.insa-rennes.fr\\\/wp-content\\\/uploads\\\/2025\\\/06\\\/IETR-fr-768x309.webp\",\"width\":768,\"height\":309},\"large\":{\"url\":\"https:\\\/\\\/macieo.insa-rennes.fr\\\/wp-content\\\/uploads\\\/2025\\\/06\\\/IETR-fr-1024x413.webp\",\"width\":1024,\"height\":413},\"type\":\"image\",\"alt\":\"\",\"title\":\"IETR\",\"id\":\"513585\",\"caption\":\"\",\"author\":\"Erwan\",\"date_created\":\"26\\\/06\\\/2025\",\"exif\":\"\",\"action_url\":\"https:\\\/\\\/macieo.insa-rennes.fr\\\/fr\\\/l-equipe\\\/ietr\\\/\",\"item_url\":\"https:\\\/\\\/macieo.insa-rennes.fr\\\/fr\\\/ietr-fr\\\/\",\"checkout_url\":\"\",\"price\":\"\",\"description\":\"\",\"date\":\"2025-06-26 08:43:08\"},{\"original\":{\"url\":\"https:\\\/\\\/macieo.insa-rennes.fr\\\/wp-content\\\/uploads\\\/2025\\\/06\\\/institut-foton-fr.webp\",\"width\":389,\"height\":270},\"thumbnail\":{\"url\":\"https:\\\/\\\/macieo.insa-rennes.fr\\\/wp-content\\\/uploads\\\/2025\\\/06\\\/institut-foton-fr-300x208.webp\",\"width\":300,\"height\":208},\"medium_large\":{\"url\":\"https:\\\/\\\/macieo.insa-rennes.fr\\\/wp-content\\\/uploads\\\/2025\\\/06\\\/institut-foton-fr.webp\",\"width\":389,\"height\":270},\"large\":{\"url\":\"https:\\\/\\\/macieo.insa-rennes.fr\\\/wp-content\\\/uploads\\\/2025\\\/06\\\/institut-foton-fr.webp\",\"width\":389,\"height\":270},\"type\":\"image\",\"alt\":\"\",\"title\":\"Institut FOTON\",\"id\":\"513582\",\"caption\":\"\",\"author\":\"Erwan\",\"date_created\":\"26\\\/06\\\/2025\",\"exif\":\"\",\"action_url\":\"https:\\\/\\\/macieo.insa-rennes.fr\\\/fr\\\/l-equipe\\\/institut-foton\\\/\",\"item_url\":\"https:\\\/\\\/macieo.insa-rennes.fr\\\/fr\\\/institut-foton-fr\\\/\",\"checkout_url\":\"\",\"price\":\"\",\"description\":\"\",\"date\":\"2025-06-26 08:43:06\"},{\"original\":{\"url\":\"https:\\\/\\\/macieo.insa-rennes.fr\\\/wp-content\\\/uploads\\\/2025\\\/06\\\/lab-sticc-fr.webp\",\"width\":887,\"height\":399},\"thumbnail\":{\"url\":\"https:\\\/\\\/macieo.insa-rennes.fr\\\/wp-content\\\/uploads\\\/2025\\\/06\\\/lab-sticc-fr-300x135.webp\",\"width\":300,\"height\":135},\"medium_large\":{\"url\":\"https:\\\/\\\/macieo.insa-rennes.fr\\\/wp-content\\\/uploads\\\/2025\\\/06\\\/lab-sticc-fr-768x345.webp\",\"width\":768,\"height\":345},\"large\":{\"url\":\"https:\\\/\\\/macieo.insa-rennes.fr\\\/wp-content\\\/uploads\\\/2025\\\/06\\\/lab-sticc-fr.webp\",\"width\":887,\"height\":399},\"type\":\"image\",\"alt\":\"\",\"title\":\"Lab-STICC\",\"id\":\"513584\",\"caption\":\"\",\"author\":\"Erwan\",\"date_created\":\"26\\\/06\\\/2025\",\"exif\":\"\",\"action_url\":\"https:\\\/\\\/macieo.insa-rennes.fr\\\/fr\\\/l-equipe\\\/lab-sticc\\\/\",\"item_url\":\"https:\\\/\\\/macieo.insa-rennes.fr\\\/fr\\\/lab-sticc-fr\\\/\",\"checkout_url\":\"\",\"price\":\"\",\"description\":\"\",\"date\":\"2025-06-26 08:43:07\"},{\"original\":{\"url\":\"https:\\\/\\\/macieo.insa-rennes.fr\\\/wp-content\\\/uploads\\\/2025\\\/06\\\/ISCR-fr.webp\",\"width\":410,\"height\":190},\"thumbnail\":{\"url\":\"https:\\\/\\\/macieo.insa-rennes.fr\\\/wp-content\\\/uploads\\\/2025\\\/06\\\/ISCR-fr-300x139.webp\",\"width\":300,\"height\":139},\"medium_large\":{\"url\":\"https:\\\/\\\/macieo.insa-rennes.fr\\\/wp-content\\\/uploads\\\/2025\\\/06\\\/ISCR-fr.webp\",\"width\":410,\"height\":190},\"large\":{\"url\":\"https:\\\/\\\/macieo.insa-rennes.fr\\\/wp-content\\\/uploads\\\/2025\\\/06\\\/ISCR-fr.webp\",\"width\":410,\"height\":190},\"type\":\"image\",\"alt\":\"\",\"title\":\"ISCR\",\"id\":\"513583\",\"caption\":\"\",\"author\":\"Erwan\",\"date_created\":\"26\\\/06\\\/2025\",\"exif\":\"\",\"action_url\":\"https:\\\/\\\/macieo.insa-rennes.fr\\\/fr\\\/l-equipe\\\/iscr\\\/\",\"item_url\":\"https:\\\/\\\/macieo.insa-rennes.fr\\\/fr\\\/iscr-fr\\\/\",\"checkout_url\":\"\",\"price\":\"\",\"description\":\"\",\"date\":\"2025-06-26 08:43:06\"}],\"options\":{\"type\":\"justified\",\"lightbox\":{\"isFullscreen\":true,\"width\":800,\"height\":600,\"areControlButtonsShown\":true,\"isInfinite\":true,\"padding\":0,\"canDownload\":false,\"canZoom\":true,\"autoplay\":false,\"slideDuration\":5000,\"imageAnimation\":\"slideH\",\"isSlideshowAllowed\":true,\"isFullscreenAllowed\":true,\"thumbnailsPosition\":\"bottom\",\"thumbnailWidth\":120,\"thumbnailHeight\":90,\"thumbnailBorder\":0,\"thumbnailBorderColor\":\"\",\"thumbnailBorderRadius\":0,\"thumbnailPadding\":0,\"thumbnailGap\":5,\"backgroundColor\":\"#000000\",\"textPosition\":\"bottom\",\"textFontFamily\":\"Inherit\",\"textColor\":\"#FFFFFF\",\"showTitle\":false,\"titleFontSize\":1.600000000000000088817841970012523233890533447265625,\"titleAlignment\":\"left\",\"showDescription\":false,\"descriptionFontSize\":1.3000000000000000444089209850062616169452667236328125,\"descriptionMaxRowsCount\":1,\"showCaption\":false,\"showCounter\":false,\"canShare\":false,\"textBackground\":\"\",\"invertTextColor\":false,\"titleSource\":\"title\",\"descriptionSource\":\"description\",\"captionSource\":\"caption\",\"captionFontSize\":1.5,\"captionFontColor\":\"#FFFFFF\"},\"thumbnails\":{\"width\":250,\"height\":170,\"columns\":4,\"gap\":10,\"backgroundColor\":\"\",\"containerPadding\":0,\"padding\":0,\"paddingColor\":\"\",\"borderRadius\":0,\"hoverEffect\":\"overlay\",\"titleVisibility\":\"alwaysShown\",\"titlePosition\":\"bottom\",\"titleAlignment\":\"left\",\"titleColor\":\"#CCCCCC\",\"titleFontSize\":12,\"titleFontFamily\":\"Inherit\",\"paginationType\":\"simple\",\"showTitle\":false,\"captionVisibility\":\"alwaysShown\",\"captionPosition\":\"bottom\",\"fillContainer\":false,\"aspectRatio\":\"1.77\",\"itemBorder\":0,\"itemBackgroundColor\":\"\",\"itemBorderRadius\":0,\"showAllItems\":true,\"titleSource\":\"title\",\"overlayTextBackground\":\"\",\"invertTextColor\":false,\"showCaption\":false,\"captionSource\":\"caption\",\"captionFontSize\":20,\"captionFontColor\":\"#DDDDDD\",\"showDescription\":false,\"descriptionSource\":\"description\",\"descriptionPosition\":\"below\",\"descriptionFontSize\":18,\"descriptionFontColor\":\"#DDDDDD\",\"descriptionMaxRowsCount\":3,\"showVideoCover\":true},\"general\":{\"clickAction\":\"url\",\"openUrlInNewTab\":false,\"orderBy\":\"default\",\"orderDirection\":\"asc\",\"itemsPerPage\":20,\"activeButtonColor\":\"#FFFFFF\",\"inactiveButtonColor\":\"#afafaf80\",\"loadMoreButtonColor\":\"#afafaf80\",\"paginationTextColor\":\"#000000de\",\"actionUrlSource\":\"action_url\",\"paginationButtonTextSize\":0.875,\"paginationButtonBorderRadius\":4,\"paginationButtonBorderSize\":\"\",\"paginationButtonBorderColor\":\"\",\"loadMoreButtonText\":\"\",\"paginationButtonClass\":\"\",\"enableWatermark\":false,\"watermarkImageURL\":\"https:\\\/\\\/macieo.insa-rennes.fr\\\/wp-content\\\/plugins\\\/regallery\\\/assets\\\/images\\\/icon.svg\",\"watermarkTransparency\":20,\"watermarkSize\":30,\"watermarkPosition\":\"middle-center\",\"enableSearch\":false,\"searchPlaceholderText\":\"\",\"enableRightClickProtection\":false},\"mosaic\":{\"width\":100,\"direction\":\"vertical\",\"gap\":10,\"backgroundColor\":\"\",\"containerPadding\":0,\"padding\":0,\"paddingColor\":\"\",\"rowHeight\":200,\"columns\":4,\"borderRadius\":0,\"hoverEffect\":\"overlay\",\"titleVisibility\":\"alwaysShown\",\"titlePosition\":\"bottom\",\"titleAlignment\":\"left\",\"titleColor\":\"#CCCCCC\",\"titleFontSize\":12,\"titleFontFamily\":\"Inherit\",\"paginationType\":\"simple\",\"showTitle\":false,\"captionVisibility\":\"alwaysShown\",\"captionPosition\":\"bottom\",\"titleSource\":\"title\",\"overlayTextBackground\":\"\",\"invertTextColor\":false,\"showAllItems\":true,\"showCaption\":false,\"captionSource\":\"caption\",\"captionFontSize\":20,\"captionFontColor\":\"#DDDDDD\",\"showVideoCover\":true},\"justified\":{\"width\":100,\"gap\":10,\"backgroundColor\":\"\",\"containerPadding\":0,\"padding\":0,\"paddingColor\":\"\",\"rowHeight\":200,\"borderRadius\":0,\"hoverEffect\":\"overlay\",\"titleVisibility\":\"alwaysShown\",\"titlePosition\":\"bottom\",\"titleAlignment\":\"left\",\"titleColor\":\"#ffffffff\",\"titleFontSize\":15,\"titleFontFamily\":\"Open Sans\",\"paginationType\":\"simple\",\"showTitle\":true,\"captionVisibility\":\"alwaysShown\",\"captionPosition\":\"bottom\",\"titleSource\":\"title\",\"overlayTextBackground\":\"\",\"invertTextColor\":false,\"showAllItems\":true,\"showCaption\":false,\"captionSource\":\"caption\",\"captionFontSize\":20,\"captionFontColor\":\"#DDDDDD\",\"showVideoCover\":true},\"masonry\":{\"width\":100,\"gap\":10,\"backgroundColor\":\"\",\"containerPadding\":0,\"padding\":0,\"paddingColor\":\"\",\"columns\":4,\"borderRadius\":0,\"hoverEffect\":\"overlay\",\"titleVisibility\":\"alwaysShown\",\"titlePosition\":\"bottom\",\"titleAlignment\":\"left\",\"titleColor\":\"#CCCCCC\",\"titleFontSize\":12,\"titleFontFamily\":\"Inherit\",\"paginationType\":\"scroll\",\"showTitle\":false,\"captionVisibility\":\"alwaysShown\",\"captionPosition\":\"bottom\",\"titleSource\":\"title\",\"overlayTextBackground\":\"\",\"invertTextColor\":false,\"showAllItems\":true,\"showCaption\":false,\"captionSource\":\"caption\",\"captionFontSize\":20,\"captionFontColor\":\"#DDDDDD\",\"showVideoCover\":true},\"cube\":{\"width\":300,\"height\":300,\"isInfinite\":true,\"autoplay\":true,\"slideDuration\":3000,\"backgroundColor\":\"#FFFFFF\",\"padding\":0,\"shadow\":true,\"playAndPauseAllowed\":false,\"hoverEffect\":\"none\",\"showTitle\":false,\"titleSource\":\"title\",\"titleVisibility\":\"alwaysShown\",\"titlePosition\":\"bottom\",\"titleFontSize\":20,\"titleColor\":\"#DDDDDD\",\"titleAlignment\":\"left\",\"titleFontFamily\":\"Inherit\",\"overlayTextBackground\":\"\",\"invertTextColor\":false,\"showCaption\":false,\"captionSource\":\"caption\",\"captionVisibility\":\"alwaysShown\",\"captionPosition\":\"bottom\",\"captionFontSize\":18,\"captionFontColor\":\"#DDDDDD\",\"navigation\":\"none\",\"arrowsSize\":26,\"arrowsColor\":\"rgba(255, 255, 255, 0.8)\",\"dotsPosition\":\"outside\",\"dotsSize\":13,\"dotsGap\":4,\"activeDotColor\":\"#aaaaaa\",\"inactiveDotsColor\":\"rgba(170, 170, 170, 0.4)\",\"showVideoControls\":false,\"animationSpeed\":500,\"showVideoCover\":false},\"carousel\":{\"width\":200,\"height\":250,\"backgroundColor\":\"\",\"padding\":0,\"autoplay\":false,\"slideDuration\":3000,\"playAndPauseAllowed\":true,\"scale\":0.1000000000000000055511151231257827021181583404541015625,\"imagesCount\":3,\"spaceBetween\":-10,\"enableScrollByImagesCount\":false,\"hoverEffect\":\"none\",\"showTitle\":false,\"titleSource\":\"title\",\"titleVisibility\":\"alwaysShown\",\"titlePosition\":\"bottom\",\"titleFontSize\":20,\"titleColor\":\"#DDDDDD\",\"titleAlignment\":\"left\",\"titleFontFamily\":\"Inherit\",\"overlayTextBackground\":\"\",\"invertTextColor\":false,\"showCaption\":false,\"captionSource\":\"caption\",\"captionVisibility\":\"alwaysShown\",\"captionPosition\":\"bottom\",\"captionFontSize\":18,\"captionFontColor\":\"#DDDDDD\",\"navigation\":\"arrows\",\"arrowsSize\":26,\"arrowsColor\":\"rgba(255, 255, 255, 0.8)\",\"dotsPosition\":\"outside\",\"dotsSize\":13,\"dotsGap\":4,\"activeDotColor\":\"#aaaaaa\",\"inactiveDotsColor\":\"rgba(170, 170, 170, 0.4)\",\"showVideoControls\":false,\"animationSpeed\":500,\"showVideoCover\":false},\"cards\":{\"width\":300,\"height\":300,\"perSlideOffset\":10,\"navigationButton\":\"1\",\"playAndPauseAllowed\":false,\"autoplay\":false,\"slideDuration\":3000,\"hoverEffect\":\"none\",\"showTitle\":false,\"titleSource\":\"title\",\"titleVisibility\":\"alwaysShown\",\"titlePosition\":\"bottom\",\"titleFontSize\":20,\"titleColor\":\"#DDDDDD\",\"titleAlignment\":\"left\",\"titleFontFamily\":\"Inherit\",\"overlayTextBackground\":\"\",\"invertTextColor\":false,\"showCaption\":false,\"captionSource\":\"caption\",\"captionVisibility\":\"alwaysShown\",\"captionPosition\":\"bottom\",\"captionFontSize\":18,\"captionFontColor\":\"#DDDDDD\",\"navigation\":\"arrows\",\"arrowsSize\":26,\"arrowsColor\":\"rgba(255, 255, 255, 0.8)\",\"dotsPosition\":\"outside\",\"dotsSize\":13,\"dotsGap\":4,\"activeDotColor\":\"#aaaaaa\",\"inactiveDotsColor\":\"rgba(170, 170, 170, 0.4)\",\"showVideoControls\":false,\"animationSpeed\":500,\"showVideoCover\":false},\"slideshow\":{\"width\":800,\"height\":600,\"isInfinite\":true,\"padding\":0,\"autoplay\":false,\"slideDuration\":5000,\"imageAnimation\":\"slideH\",\"isSlideshowAllowed\":true,\"isFullscreenAllowed\":true,\"thumbnailsPosition\":\"bottom\",\"thumbnailWidth\":120,\"thumbnailHeight\":90,\"thumbnailBorder\":0,\"thumbnailBorderColor\":\"\",\"thumbnailBorderRadius\":0,\"thumbnailPadding\":0,\"thumbnailGap\":5,\"backgroundColor\":\"#000000\",\"textPosition\":\"bottom\",\"textFontFamily\":\"Inherit\",\"textColor\":\"#FFFFFF\",\"showTitle\":false,\"titleFontSize\":1.600000000000000088817841970012523233890533447265625,\"titleAlignment\":\"left\",\"showDescription\":false,\"descriptionFontSize\":1.3000000000000000444089209850062616169452667236328125,\"descriptionMaxRowsCount\":1,\"isFullCoverImage\":false,\"showCaption\":false,\"textBackground\":\"\",\"invertTextColor\":false,\"titleSource\":\"title\",\"descriptionSource\":\"description\",\"captionSource\":\"caption\",\"captionFontSize\":1.5,\"captionFontColor\":\"#DDDDDD\"},\"blog\":{\"imageWidth\":50,\"imageWidthType\":\"%\",\"imageHeight\":400,\"imageHeightType\":\"px\",\"imagePosition\":\"staggered\",\"spacing\":10,\"backgroundColor\":\"\",\"containerPadding\":0,\"imageRadius\":0,\"hoverEffect\":\"none\",\"showTitle\":true,\"titleFontSize\":36,\"titleColor\":\"#000000\",\"titleAlignment\":\"left\",\"showDescription\":true,\"descriptionFontSize\":16,\"descriptionColor\":\"#333333\",\"descriptionMaxRowsCount\":4,\"showButton\":true,\"buttonText\":\"View more\",\"openInNewTab\":false,\"buttonAlignment\":\"left\",\"buttonFontSize\":20,\"buttonColor\":\"#afafaf80\",\"buttonTextColor\":\"#000000de\",\"textFontFamily\":\"Inherit\",\"textVerticalAlignment\":\"center\",\"textHorizontalSpacing\":35,\"textVerticalSpacing\":35,\"paginationType\":\"simple\",\"titleSource\":\"title\",\"descriptionSource\":\"description\",\"showAllItems\":true,\"showCaption\":false,\"captionSource\":\"caption\",\"captionFontSize\":26,\"captionFontColor\":\"#CCCCCC\",\"buttonUrlSource\":\"action_url\",\"showVideoCover\":false},\"template_id\":\"\",\"css\":\"\",\"custom_css\":\"\",\"title\":\"Default\",\"templateType\":\"\"},\"imagesCount\":4};<\/script>    <div id=\"reacg-root513\"         class=\"reacg-wrapper reacg-gallery reacg-preview\"         data-options-section=\"0\"         data-options-container=\"#reacg_settings\"         data-plugin-version=\"1.18.5\"         data-gallery-timestamp=\"1750920626862\"         data-options-timestamp=\"1750920631\"         data-gallery-id=\"513\"><\/div>\n\n\n<\/div>\n\n\n\n<div class=\"wp-block-column is-layout-flow wp-block-column-is-layout-flow\" style=\"flex-basis:5%\"><\/div>\n<\/div>\n","protected":false},"excerpt":{"rendered":"<p>L&rsquo;\u00e9quipe Le projet MACIEO regroupe 4 laboratoires de recherche acad\u00e9miques bretons, tous affili\u00e9s au CNRS, avec des champs th\u00e9matiques tr\u00e8s diff\u00e9rents mais tr\u00e8s compl\u00e9mentaires. On retrouve au sein de l&rsquo;\u00e9quipe des sp\u00e9cialistes des antennes et circuits hyperfr\u00e9quences, de l&rsquo;optique et des lasers, de la micro\u00e9lectronique, des verres et c\u00e9ramiques, etc. Ces 4 entit\u00e9s de recherche [&hellip;]<\/p>\n","protected":false},"author":1,"featured_media":0,"parent":0,"menu_order":0,"comment_status":"closed","ping_status":"closed","template":"page-no-title","meta":{"footnotes":""},"class_list":["post-2","page","type-page","status-publish","hentry"],"_links":{"self":[{"href":"https:\/\/macieo.insa-rennes.fr\/fr\/wp-json\/wp\/v2\/pages\/2","targetHints":{"allow":["GET"]}}],"collection":[{"href":"https:\/\/macieo.insa-rennes.fr\/fr\/wp-json\/wp\/v2\/pages"}],"about":[{"href":"https:\/\/macieo.insa-rennes.fr\/fr\/wp-json\/wp\/v2\/types\/page"}],"author":[{"embeddable":true,"href":"https:\/\/macieo.insa-rennes.fr\/fr\/wp-json\/wp\/v2\/users\/1"}],"replies":[{"embeddable":true,"href":"https:\/\/macieo.insa-rennes.fr\/fr\/wp-json\/wp\/v2\/comments?post=2"}],"version-history":[{"count":28,"href":"https:\/\/macieo.insa-rennes.fr\/fr\/wp-json\/wp\/v2\/pages\/2\/revisions"}],"predecessor-version":[{"id":667,"href":"https:\/\/macieo.insa-rennes.fr\/fr\/wp-json\/wp\/v2\/pages\/2\/revisions\/667"}],"wp:attachment":[{"href":"https:\/\/macieo.insa-rennes.fr\/fr\/wp-json\/wp\/v2\/media?parent=2"}],"curies":[{"name":"wp","href":"https:\/\/api.w.org\/{rel}","templated":true}]}}