{"id":114,"date":"2024-04-24T08:55:22","date_gmt":"2024-04-24T08:55:22","guid":{"rendered":"https:\/\/macieo.insa-rennes.fr\/?page_id=114"},"modified":"2026-01-12T15:58:54","modified_gmt":"2026-01-12T14:58:54","slug":"publi-com-et-brevets","status":"publish","type":"page","link":"https:\/\/macieo.insa-rennes.fr\/fr\/productions-scientifiques\/publi-com-et-brevets\/","title":{"rendered":"Publi, Com et Brevets"},"content":{"rendered":"\n<h2 class=\"wp-block-heading\">Conf\u00e9rences nationales<\/h2>\n\n\n\n<p><strong>T. Parthipan, C. Parantho\u00ebn, M. Perrin, V. Nazabal, A. B\u00e9nardais, F. Angay, L. Calvez, E. Fourn<\/strong>, \u00ab\u00a0Comparing resistivity measurement approaches for Ge2Sb2Te5 thin films\u00a0\u00bb, <em>4\u00e8mes Journ\u00e9es Scientifiques du GDR Chalco, Montpellier, 3-4 Juin 2025<\/em>.\u00a0<\/p>\n\n\n\n<h2 class=\"wp-block-heading\">Conf\u00e9rences invit\u00e9es<\/h2>\n\n\n\n<p><strong>E. Fourn<\/strong>, \u201cTowards multiple reconfigurations of microwave circuits and antennas by mixing substrate-integrated semi-conductor junctions and phase change materials\u201d, <em>Tunable Metasurface Workshop<\/em>, Queen Mary University of London, 26th March 2024.<\/p>\n","protected":false},"excerpt":{"rendered":"<p>Conf\u00e9rences nationales T. Parthipan, C. Parantho\u00ebn, M. Perrin, V. Nazabal, A. B\u00e9nardais, F. Angay, L. Calvez, E. Fourn, \u00ab\u00a0Comparing resistivity measurement approaches for Ge2Sb2Te5 thin films\u00a0\u00bb, 4\u00e8mes Journ\u00e9es Scientifiques du GDR Chalco, Montpellier, 3-4 Juin 2025.\u00a0 Conf\u00e9rences invit\u00e9es E. Fourn, \u201cTowards multiple reconfigurations of microwave circuits and antennas by mixing substrate-integrated semi-conductor junctions and phase [&hellip;]<\/p>\n","protected":false},"author":1,"featured_media":0,"parent":109,"menu_order":0,"comment_status":"closed","ping_status":"closed","template":"","meta":{"footnotes":""},"class_list":["post-114","page","type-page","status-publish","hentry"],"_links":{"self":[{"href":"https:\/\/macieo.insa-rennes.fr\/fr\/wp-json\/wp\/v2\/pages\/114","targetHints":{"allow":["GET"]}}],"collection":[{"href":"https:\/\/macieo.insa-rennes.fr\/fr\/wp-json\/wp\/v2\/pages"}],"about":[{"href":"https:\/\/macieo.insa-rennes.fr\/fr\/wp-json\/wp\/v2\/types\/page"}],"author":[{"embeddable":true,"href":"https:\/\/macieo.insa-rennes.fr\/fr\/wp-json\/wp\/v2\/users\/1"}],"replies":[{"embeddable":true,"href":"https:\/\/macieo.insa-rennes.fr\/fr\/wp-json\/wp\/v2\/comments?post=114"}],"version-history":[{"count":3,"href":"https:\/\/macieo.insa-rennes.fr\/fr\/wp-json\/wp\/v2\/pages\/114\/revisions"}],"predecessor-version":[{"id":673,"href":"https:\/\/macieo.insa-rennes.fr\/fr\/wp-json\/wp\/v2\/pages\/114\/revisions\/673"}],"up":[{"embeddable":true,"href":"https:\/\/macieo.insa-rennes.fr\/fr\/wp-json\/wp\/v2\/pages\/109"}],"wp:attachment":[{"href":"https:\/\/macieo.insa-rennes.fr\/fr\/wp-json\/wp\/v2\/media?parent=114"}],"curies":[{"name":"wp","href":"https:\/\/api.w.org\/{rel}","templated":true}]}}