{"id":109,"date":"2024-04-24T08:48:20","date_gmt":"2024-04-24T08:48:20","guid":{"rendered":"https:\/\/macieo.insa-rennes.fr\/?page_id=109"},"modified":"2024-04-24T09:01:22","modified_gmt":"2024-04-24T09:01:22","slug":"productions-scientifiques","status":"publish","type":"page","link":"https:\/\/macieo.insa-rennes.fr\/fr\/productions-scientifiques\/","title":{"rendered":"Productions scientifiques"},"content":{"rendered":"\n<p>La production scientifique peut prendre plusieurs formes dans le cadre de projet de recherche tel que MACIEO. Elle se traduit en premier lieu par des r\u00e9sultats th\u00e9oriques et\/ou exp\u00e9rimentaux apportant de la nouveaut\u00e9 par rapport \u00e0 l&rsquo;existant, ce qu&rsquo;on appelle l&rsquo;\u00e9tat de l&rsquo;art. La communication et la valorisation de nos r\u00e9sultats est intrins\u00e8quement li\u00e9e \u00e0 notre statut de chercheur ou d&rsquo;enseignant-chercheur.<\/p>\n\n\n\n<p>Cela se traduit principalement par la r\u00e9daction de publications dans des revues et de communications dans des conf\u00e9rences majeures de nos domaines respectifs. Certains travaux majeurs peuvent en amont de toute publication faire l&rsquo;objet d&rsquo;un d\u00e9p\u00f4t de brevet pour en prot\u00e9ger l&rsquo;exploitation. Parfois, cela peut m\u00eame se traduire par du transfert technologique vers une soci\u00e9t\u00e9 priv\u00e9e ou par la cr\u00e9ation de start-up.<\/p>\n\n\n\n<p>Il existe bien entendu d&rsquo;autres mani\u00e8res de communiquer sur les r\u00e9sultats obtenus dans le cadre d&rsquo;un projet de recherche, \u00e0 commencer par leur pr\u00e9sentation aupr\u00e8s de nos \u00e9tudiants ou aupr\u00e8s du grand public.<\/p>\n\n\n\n<p>Cette page s&rsquo;enrichira progressivement tout au long du projet MACIEO et m\u00eame apr\u00e8s au fur et \u00e0 mesure de l&rsquo;obtention de nouveaux r\u00e9sultats et de leur communication sous diverses formes.<\/p>\n\n\n\n<div class=\"wp-block-columns is-layout-flex wp-container-core-columns-is-layout-28f84493 wp-block-columns-is-layout-flex\">\n<div class=\"wp-block-column is-layout-flow wp-block-column-is-layout-flow\">\n<p class=\"has-text-align-center\"><strong><a href=\"https:\/\/macieo.insa-rennes.fr\/productions-scientifiques\/publi-com-et-brevets\/\" data-type=\"page\" data-id=\"114\">Publications, communications et brevets<\/a><\/strong><\/p>\n<\/div>\n\n\n\n<div class=\"wp-block-column is-layout-flow wp-block-column-is-layout-flow\">\n<p class=\"has-text-align-center\"><strong><a href=\"https:\/\/macieo.insa-rennes.fr\/productions-scientifiques\/resultats\/\" data-type=\"page\" data-id=\"118\">Pr\u00e9sentations des r\u00e9sultats<\/a><\/strong><\/p>\n<\/div>\n<\/div>\n","protected":false},"excerpt":{"rendered":"<p>La production scientifique peut prendre plusieurs formes dans le cadre de projet de recherche tel que MACIEO. Elle se traduit en premier lieu par des r\u00e9sultats th\u00e9oriques et\/ou exp\u00e9rimentaux apportant de la nouveaut\u00e9 par rapport \u00e0 l&rsquo;existant, ce qu&rsquo;on appelle l&rsquo;\u00e9tat de l&rsquo;art. La communication et la valorisation de nos r\u00e9sultats est intrins\u00e8quement li\u00e9e \u00e0 [&hellip;]<\/p>\n","protected":false},"author":1,"featured_media":0,"parent":0,"menu_order":0,"comment_status":"closed","ping_status":"closed","template":"","meta":{"footnotes":""},"class_list":["post-109","page","type-page","status-publish","hentry"],"_links":{"self":[{"href":"https:\/\/macieo.insa-rennes.fr\/fr\/wp-json\/wp\/v2\/pages\/109","targetHints":{"allow":["GET"]}}],"collection":[{"href":"https:\/\/macieo.insa-rennes.fr\/fr\/wp-json\/wp\/v2\/pages"}],"about":[{"href":"https:\/\/macieo.insa-rennes.fr\/fr\/wp-json\/wp\/v2\/types\/page"}],"author":[{"embeddable":true,"href":"https:\/\/macieo.insa-rennes.fr\/fr\/wp-json\/wp\/v2\/users\/1"}],"replies":[{"embeddable":true,"href":"https:\/\/macieo.insa-rennes.fr\/fr\/wp-json\/wp\/v2\/comments?post=109"}],"version-history":[{"count":4,"href":"https:\/\/macieo.insa-rennes.fr\/fr\/wp-json\/wp\/v2\/pages\/109\/revisions"}],"predecessor-version":[{"id":120,"href":"https:\/\/macieo.insa-rennes.fr\/fr\/wp-json\/wp\/v2\/pages\/109\/revisions\/120"}],"wp:attachment":[{"href":"https:\/\/macieo.insa-rennes.fr\/fr\/wp-json\/wp\/v2\/media?parent=109"}],"curies":[{"name":"wp","href":"https:\/\/api.w.org\/{rel}","templated":true}]}}