{"id":1,"date":"2024-01-24T16:57:58","date_gmt":"2024-01-24T16:57:58","guid":{"rendered":"https:\/\/macieo.insa-rennes.fr\/?p=1"},"modified":"2025-06-17T14:17:39","modified_gmt":"2025-06-17T12:17:39","slug":"hello-world","status":"publish","type":"page","link":"https:\/\/macieo.insa-rennes.fr\/fr\/presentation-du-projet\/hello-world\/","title":{"rendered":"WP2"},"content":{"rendered":"\n<p class=\"has-large-font-size\"><strong>Association des 2 techniques de reconfiguration<\/strong><\/p>\n\n\n\n<p>Ce 2<sup>\u00e8me<\/sup> Work Package a pour objectifs principaux :<\/p>\n\n\n\n<ul class=\"wp-block-list\">\n<li>de finaliser la mise au point du proc\u00e9d\u00e9 de fabrication complet des circuits et antennes int\u00e9grant les 2 proc\u00e9d\u00e9s de reconfiguration ;<\/li>\n\n\n\n<li>de concevoir et de d\u00e9velopper des structures micro-ondes simples combinant les 2 proc\u00e9d\u00e9s de reconfiguration \u00e9lectrique et optique ;<\/li>\n\n\n\n<li>de d\u00e9velopper une plateforme g\u00e9n\u00e9rique de commande des signaux de contr\u00f4le tant optiques qu&rsquo;\u00e9lectriques.<\/li>\n<\/ul>\n","protected":false},"excerpt":{"rendered":"<p>Association des 2 techniques de reconfiguration Ce 2\u00e8me Work Package a pour objectifs principaux :<\/p>\n","protected":false},"author":1,"featured_media":0,"parent":22,"menu_order":0,"comment_status":"open","ping_status":"closed","template":"","meta":{"footnotes":""},"class_list":["post-1","page","type-page","status-publish","hentry"],"_links":{"self":[{"href":"https:\/\/macieo.insa-rennes.fr\/fr\/wp-json\/wp\/v2\/pages\/1","targetHints":{"allow":["GET"]}}],"collection":[{"href":"https:\/\/macieo.insa-rennes.fr\/fr\/wp-json\/wp\/v2\/pages"}],"about":[{"href":"https:\/\/macieo.insa-rennes.fr\/fr\/wp-json\/wp\/v2\/types\/page"}],"author":[{"embeddable":true,"href":"https:\/\/macieo.insa-rennes.fr\/fr\/wp-json\/wp\/v2\/users\/1"}],"replies":[{"embeddable":true,"href":"https:\/\/macieo.insa-rennes.fr\/fr\/wp-json\/wp\/v2\/comments?post=1"}],"version-history":[{"count":2,"href":"https:\/\/macieo.insa-rennes.fr\/fr\/wp-json\/wp\/v2\/pages\/1\/revisions"}],"predecessor-version":[{"id":36,"href":"https:\/\/macieo.insa-rennes.fr\/fr\/wp-json\/wp\/v2\/pages\/1\/revisions\/36"}],"up":[{"embeddable":true,"href":"https:\/\/macieo.insa-rennes.fr\/fr\/wp-json\/wp\/v2\/pages\/22"}],"wp:attachment":[{"href":"https:\/\/macieo.insa-rennes.fr\/fr\/wp-json\/wp\/v2\/media?parent=1"}],"curies":[{"name":"wp","href":"https:\/\/api.w.org\/{rel}","templated":true}]}}