{"id":473,"date":"2025-06-24T17:01:50","date_gmt":"2025-06-24T15:01:50","guid":{"rendered":"https:\/\/macieo.insa-rennes.fr\/?page_id=473"},"modified":"2025-06-30T16:26:46","modified_gmt":"2025-06-30T14:26:46","slug":"iscr","status":"publish","type":"page","link":"https:\/\/macieo.insa-rennes.fr\/en\/l-equipe\/iscr\/","title":{"rendered":"Institut des Sciences Chimiques de Rennes"},"content":{"rendered":"<div class=\"wp-block-group alignwide is-vertical is-content-justification-stretch is-layout-flex wp-container-core-group-is-layout-401b7a8a wp-block-group-is-layout-flex\">\n<div class=\"wp-block-columns is-layout-flex wp-container-core-columns-is-layout-28f84493 wp-block-columns-is-layout-flex\">\n<div class=\"wp-block-column is-layout-flow wp-block-column-is-layout-flow\" style=\"flex-basis:10%\"><\/div>\n\n\n\n<div class=\"wp-block-column is-layout-flow wp-block-column-is-layout-flow\" style=\"flex-basis:80%\">\n<figure class=\"wp-block-image alignleft size-full is-resized hvr-grow\"><a href=\"https:\/\/iscr.univ-rennes.fr\/\" target=\"_blank\" rel=\" noreferrer noopener\"><img loading=\"lazy\" decoding=\"async\" width=\"400\" height=\"180\" src=\"https:\/\/macieo.insa-rennes.fr\/wp-content\/uploads\/2025\/06\/ISCR-without-bg.webp\" alt=\"\" class=\"wp-image-561\" style=\"width:273px;height:auto\" srcset=\"https:\/\/macieo.insa-rennes.fr\/wp-content\/uploads\/2025\/06\/ISCR-without-bg.webp 400w, https:\/\/macieo.insa-rennes.fr\/wp-content\/uploads\/2025\/06\/ISCR-without-bg-300x135.webp 300w, https:\/\/macieo.insa-rennes.fr\/wp-content\/uploads\/2025\/06\/ISCR-without-bg-18x8.webp 18w, https:\/\/macieo.insa-rennes.fr\/wp-content\/uploads\/2025\/06\/ISCR-without-bg-200x90.webp 200w\" sizes=\"auto, (max-width: 400px) 100vw, 400px\" \/><\/a><\/figure>\n\n\n\n<div style=\"height:10px\" aria-hidden=\"true\" class=\"wp-block-spacer\"><\/div>\n\n\n\n<p>Research at <a href=\"https:\/\/iscr.univ-rennes.fr\/\">l&rsquo;Institut des Sciences Chimiques de Rennes (ISCR &#8211; UMR CNRS 6226)<\/a> covers various fields: health and well-being, sustainable chemistry and processes, environment, energy, optics and photonics, electronics and molecular materials. Within ISCR, the Glass&amp;Ceramics team has a long-standing commitment and international recognition in the manufacture of chalcogenide glasses and chalcogenide thin films for photonic applications (sensors, mid-IR sources, ONL, phase-change materials). ISCR's role will be to select chalcogenide target and film compositions for use as phase change materials (PCMs), optimize deposition by RF magnetron sputtering and co-sputtering to meet the required specificities, and carry out physico-chemical characterizations of the materials developed, drawing on ScanMAT's core infrastructure. ISCR will benefit from close collaboration with a Czech university (<a href=\"https:\/\/www.upce.cz\/en\">UPCE<\/a>) via a memorandum of understanding allowing access to their equipment for characterizing the chalcogenides required for the MACIEO project.<\/p>\n\n\n\n<div style=\"height:10px\" aria-hidden=\"true\" class=\"wp-block-spacer\"><\/div>\n\n\n\n<h2 class=\"wp-block-heading\">Participants :<\/h2>\n\n\n\n<div style=\"height:10px\" aria-hidden=\"true\" class=\"wp-block-spacer\"><\/div>\n\n\n\n<div class=\"wp-block-columns is-layout-flex wp-container-core-columns-is-layout-28f84493 wp-block-columns-is-layout-flex\">\n<div class=\"wp-block-column is-layout-flow wp-block-column-is-layout-flow\" style=\"flex-basis:5%\">\n<div style=\"height:5%\" aria-hidden=\"true\" class=\"wp-block-spacer\"><\/div>\n<\/div>\n\n\n\n<div class=\"wp-block-column is-layout-flow wp-block-column-is-layout-flow\" style=\"flex-basis:15%\">\n<figure class=\"wp-block-image size-full is-resized hvr-grow\"><a href=\"https:\/\/iscr.univ-rennes.fr\/virginie-nazabal\" target=\"_blank\" rel=\" noreferrer noopener\"><img loading=\"lazy\" decoding=\"async\" width=\"2048\" height=\"2048\" src=\"https:\/\/macieo.insa-rennes.fr\/wp-content\/uploads\/2025\/06\/Profile-PNG-Photo.png\" alt=\"\" class=\"wp-image-499\" style=\"width:132px;height:auto\" srcset=\"https:\/\/macieo.insa-rennes.fr\/wp-content\/uploads\/2025\/06\/Profile-PNG-Photo.png 2048w, https:\/\/macieo.insa-rennes.fr\/wp-content\/uploads\/2025\/06\/Profile-PNG-Photo-300x300.png 300w, https:\/\/macieo.insa-rennes.fr\/wp-content\/uploads\/2025\/06\/Profile-PNG-Photo-1024x1024.png 1024w, https:\/\/macieo.insa-rennes.fr\/wp-content\/uploads\/2025\/06\/Profile-PNG-Photo-150x150.png 150w, https:\/\/macieo.insa-rennes.fr\/wp-content\/uploads\/2025\/06\/Profile-PNG-Photo-768x768.png 768w, https:\/\/macieo.insa-rennes.fr\/wp-content\/uploads\/2025\/06\/Profile-PNG-Photo-1536x1536.png 1536w, https:\/\/macieo.insa-rennes.fr\/wp-content\/uploads\/2025\/06\/Profile-PNG-Photo-12x12.png 12w, https:\/\/macieo.insa-rennes.fr\/wp-content\/uploads\/2025\/06\/Profile-PNG-Photo-200x200.png 200w\" sizes=\"auto, (max-width: 2048px) 100vw, 2048px\" \/><\/a><\/figure>\n<\/div>\n\n\n\n<div class=\"wp-block-column is-layout-flow wp-block-column-is-layout-flow\" style=\"flex-basis:60%\">\n<p class=\"has-text-align-left\"><a href=\"https:\/\/iscr.univ-rennes.fr\/virginie-nazabal\" data-type=\"link\" data-id=\"https:\/\/iscr.univ-rennes.fr\/fr\/virginie-nazabal\" target=\"_blank\" rel=\"noreferrer noopener\">Virginie Nazabal<\/a>, research director and scientific manager at ISCR, oversees studies on chalcogenides (Chg), from composition selection to characterization and film deposition.<\/p>\n<\/div>\n<\/div>\n\n\n\n<div style=\"height:10px\" aria-hidden=\"true\" class=\"wp-block-spacer\"><\/div>\n\n\n\n<div class=\"wp-block-columns is-layout-flex wp-container-core-columns-is-layout-28f84493 wp-block-columns-is-layout-flex\">\n<div class=\"wp-block-column is-layout-flow wp-block-column-is-layout-flow\" style=\"flex-basis:5%\">\n<div style=\"height:5%\" aria-hidden=\"true\" class=\"wp-block-spacer\"><\/div>\n<\/div>\n\n\n\n<div class=\"wp-block-column is-layout-flow wp-block-column-is-layout-flow\" style=\"flex-basis:15%\">\n<figure class=\"wp-block-image size-full is-resized hvr-grow\"><a href=\"https:\/\/iscr.univ-rennes.fr\/albane-benardais\" target=\"_blank\" rel=\" noreferrer noopener\"><img loading=\"lazy\" decoding=\"async\" width=\"2048\" height=\"2048\" src=\"https:\/\/macieo.insa-rennes.fr\/wp-content\/uploads\/2025\/06\/Profile-PNG-Photo.png\" alt=\"\" class=\"wp-image-499\" style=\"width:132px;height:auto\" srcset=\"https:\/\/macieo.insa-rennes.fr\/wp-content\/uploads\/2025\/06\/Profile-PNG-Photo.png 2048w, https:\/\/macieo.insa-rennes.fr\/wp-content\/uploads\/2025\/06\/Profile-PNG-Photo-300x300.png 300w, https:\/\/macieo.insa-rennes.fr\/wp-content\/uploads\/2025\/06\/Profile-PNG-Photo-1024x1024.png 1024w, https:\/\/macieo.insa-rennes.fr\/wp-content\/uploads\/2025\/06\/Profile-PNG-Photo-150x150.png 150w, https:\/\/macieo.insa-rennes.fr\/wp-content\/uploads\/2025\/06\/Profile-PNG-Photo-768x768.png 768w, https:\/\/macieo.insa-rennes.fr\/wp-content\/uploads\/2025\/06\/Profile-PNG-Photo-1536x1536.png 1536w, https:\/\/macieo.insa-rennes.fr\/wp-content\/uploads\/2025\/06\/Profile-PNG-Photo-12x12.png 12w, https:\/\/macieo.insa-rennes.fr\/wp-content\/uploads\/2025\/06\/Profile-PNG-Photo-200x200.png 200w\" sizes=\"auto, (max-width: 2048px) 100vw, 2048px\" \/><\/a><\/figure>\n<\/div>\n\n\n\n<div class=\"wp-block-column is-layout-flow wp-block-column-is-layout-flow\" style=\"flex-basis:60%\">\n<p class=\"has-text-align-left\"><a href=\"https:\/\/iscr.univ-rennes.fr\/albane-benardais\" data-type=\"link\" data-id=\"https:\/\/iscr.univ-rennes.fr\/fr\/albane-benardais\" target=\"_blank\" rel=\"noreferrer noopener\">Albane B\u00e9nardais<\/a>, research engineer involved in chalcogenide thin film deposition and chemical characterization.<\/p>\n<\/div>\n<\/div>\n\n\n\n<div style=\"height:10px\" aria-hidden=\"true\" class=\"wp-block-spacer\"><\/div>\n\n\n\n<div class=\"wp-block-columns is-layout-flex wp-container-core-columns-is-layout-28f84493 wp-block-columns-is-layout-flex\">\n<div class=\"wp-block-column is-layout-flow wp-block-column-is-layout-flow\" style=\"flex-basis:5%\">\n<div style=\"height:5%\" aria-hidden=\"true\" class=\"wp-block-spacer\"><\/div>\n<\/div>\n\n\n\n<div class=\"wp-block-column is-layout-flow wp-block-column-is-layout-flow\" style=\"flex-basis:15%\">\n<figure class=\"wp-block-image size-full is-resized hvr-grow\"><a href=\"https:\/\/www.researchgate.net\/profile\/Firat-Angay\" target=\"_blank\" rel=\" noreferrer noopener\"><img loading=\"lazy\" decoding=\"async\" width=\"2048\" height=\"2048\" src=\"https:\/\/macieo.insa-rennes.fr\/wp-content\/uploads\/2025\/06\/Profile-PNG-Photo.png\" alt=\"\" class=\"wp-image-499\" style=\"width:132px;height:auto\" srcset=\"https:\/\/macieo.insa-rennes.fr\/wp-content\/uploads\/2025\/06\/Profile-PNG-Photo.png 2048w, https:\/\/macieo.insa-rennes.fr\/wp-content\/uploads\/2025\/06\/Profile-PNG-Photo-300x300.png 300w, https:\/\/macieo.insa-rennes.fr\/wp-content\/uploads\/2025\/06\/Profile-PNG-Photo-1024x1024.png 1024w, https:\/\/macieo.insa-rennes.fr\/wp-content\/uploads\/2025\/06\/Profile-PNG-Photo-150x150.png 150w, https:\/\/macieo.insa-rennes.fr\/wp-content\/uploads\/2025\/06\/Profile-PNG-Photo-768x768.png 768w, https:\/\/macieo.insa-rennes.fr\/wp-content\/uploads\/2025\/06\/Profile-PNG-Photo-1536x1536.png 1536w, https:\/\/macieo.insa-rennes.fr\/wp-content\/uploads\/2025\/06\/Profile-PNG-Photo-12x12.png 12w, https:\/\/macieo.insa-rennes.fr\/wp-content\/uploads\/2025\/06\/Profile-PNG-Photo-200x200.png 200w\" sizes=\"auto, (max-width: 2048px) 100vw, 2048px\" \/><\/a><\/figure>\n<\/div>\n\n\n\n<div class=\"wp-block-column is-layout-flow wp-block-column-is-layout-flow\" style=\"flex-basis:60%\">\n<p class=\"has-text-align-left\"><a href=\"https:\/\/iscr.univ-rennes.fr\/laurent-calvez\" data-type=\"link\" data-id=\"https:\/\/iscr.univ-rennes.fr\/fr\/laurent-calvez\" target=\"_blank\" rel=\"noreferrer noopener\">Laurent Calvez<\/a>, professor who performs thermal characterization and crystallization of chalcogenide films.<\/p>\n<\/div>\n<\/div>\n\n\n\n<div style=\"height:10px\" aria-hidden=\"true\" class=\"wp-block-spacer\"><\/div>\n\n\n\n<div class=\"wp-block-columns is-layout-flex wp-container-core-columns-is-layout-28f84493 wp-block-columns-is-layout-flex\">\n<div class=\"wp-block-column is-layout-flow wp-block-column-is-layout-flow\" style=\"flex-basis:5%\">\n<div style=\"height:5%\" aria-hidden=\"true\" class=\"wp-block-spacer\"><\/div>\n<\/div>\n\n\n\n<div class=\"wp-block-column is-layout-flow wp-block-column-is-layout-flow\" style=\"flex-basis:15%\">\n<figure class=\"wp-block-image size-full is-resized hvr-grow\"><a href=\"https:\/\/iscr.univ-rennes.fr\/laurent-calvez\" target=\"_blank\" rel=\" noreferrer noopener\"><img loading=\"lazy\" decoding=\"async\" width=\"2048\" height=\"2048\" src=\"https:\/\/macieo.insa-rennes.fr\/wp-content\/uploads\/2025\/06\/Profile-PNG-Photo.png\" alt=\"\" class=\"wp-image-499\" style=\"width:132px;height:auto\" srcset=\"https:\/\/macieo.insa-rennes.fr\/wp-content\/uploads\/2025\/06\/Profile-PNG-Photo.png 2048w, https:\/\/macieo.insa-rennes.fr\/wp-content\/uploads\/2025\/06\/Profile-PNG-Photo-300x300.png 300w, https:\/\/macieo.insa-rennes.fr\/wp-content\/uploads\/2025\/06\/Profile-PNG-Photo-1024x1024.png 1024w, https:\/\/macieo.insa-rennes.fr\/wp-content\/uploads\/2025\/06\/Profile-PNG-Photo-150x150.png 150w, https:\/\/macieo.insa-rennes.fr\/wp-content\/uploads\/2025\/06\/Profile-PNG-Photo-768x768.png 768w, https:\/\/macieo.insa-rennes.fr\/wp-content\/uploads\/2025\/06\/Profile-PNG-Photo-1536x1536.png 1536w, https:\/\/macieo.insa-rennes.fr\/wp-content\/uploads\/2025\/06\/Profile-PNG-Photo-12x12.png 12w, https:\/\/macieo.insa-rennes.fr\/wp-content\/uploads\/2025\/06\/Profile-PNG-Photo-200x200.png 200w\" sizes=\"auto, (max-width: 2048px) 100vw, 2048px\" \/><\/a><\/figure>\n<\/div>\n\n\n\n<div class=\"wp-block-column is-layout-flow wp-block-column-is-layout-flow\" style=\"flex-basis:60%\">\n<p class=\"has-text-align-left\"><a href=\"https:\/\/iscr.univ-rennes.fr\/laurent-calvez\" data-type=\"link\" data-id=\"https:\/\/iscr.univ-rennes.fr\/fr\/laurent-calvez\" target=\"_blank\" rel=\"noreferrer noopener\">Firat Angay<\/a>, postdoctoral researcher studying composition, thin film deposition and characterization of chalcogenide.<\/p>\n<\/div>\n<\/div>\n<\/div>\n\n\n\n<div class=\"wp-block-column is-layout-flow wp-block-column-is-layout-flow\" style=\"flex-basis:10%\"><\/div>\n<\/div>\n<\/div>","protected":false},"excerpt":{"rendered":"<p>La recherche \u00e0 l&rsquo;Institut des Sciences Chimiques de Rennes (ISCR &#8211; UMR CNRS 6226) couvre diff\u00e9rents domaines : sant\u00e9 et bien-\u00eatre, chimie et proc\u00e9d\u00e9s durables, environnement, \u00e9nergie, optique et photonique, \u00e9lectronique et mat\u00e9riaux mol\u00e9culaires. Au sein de l&rsquo;ISCR, l&rsquo;\u00e9quipe Verres&amp;C\u00e9ramiques a un engagement de longue date et une reconnaissance internationale dans la fabrication de verres [&hellip;]<\/p>\n","protected":false},"author":1,"featured_media":0,"parent":2,"menu_order":0,"comment_status":"closed","ping_status":"closed","template":"","meta":{"footnotes":""},"class_list":["post-473","page","type-page","status-publish","hentry"],"_links":{"self":[{"href":"https:\/\/macieo.insa-rennes.fr\/en\/wp-json\/wp\/v2\/pages\/473","targetHints":{"allow":["GET"]}}],"collection":[{"href":"https:\/\/macieo.insa-rennes.fr\/en\/wp-json\/wp\/v2\/pages"}],"about":[{"href":"https:\/\/macieo.insa-rennes.fr\/en\/wp-json\/wp\/v2\/types\/page"}],"author":[{"embeddable":true,"href":"https:\/\/macieo.insa-rennes.fr\/en\/wp-json\/wp\/v2\/users\/1"}],"replies":[{"embeddable":true,"href":"https:\/\/macieo.insa-rennes.fr\/en\/wp-json\/wp\/v2\/comments?post=473"}],"version-history":[{"count":8,"href":"https:\/\/macieo.insa-rennes.fr\/en\/wp-json\/wp\/v2\/pages\/473\/revisions"}],"predecessor-version":[{"id":616,"href":"https:\/\/macieo.insa-rennes.fr\/en\/wp-json\/wp\/v2\/pages\/473\/revisions\/616"}],"up":[{"embeddable":true,"href":"https:\/\/macieo.insa-rennes.fr\/en\/wp-json\/wp\/v2\/pages\/2"}],"wp:attachment":[{"href":"https:\/\/macieo.insa-rennes.fr\/en\/wp-json\/wp\/v2\/media?parent=473"}],"curies":[{"name":"wp","href":"https:\/\/api.w.org\/{rel}","templated":true}]}}