{"id":31,"date":"2024-02-05T14:56:11","date_gmt":"2024-02-05T14:56:11","guid":{"rendered":"https:\/\/macieo.insa-rennes.fr\/?page_id=31"},"modified":"2025-06-20T09:26:21","modified_gmt":"2025-06-20T07:26:21","slug":"wp3-filtres-a-double-reconfiguration","status":"publish","type":"page","link":"https:\/\/macieo.insa-rennes.fr\/en\/presentation-du-projet\/wp3-filtres-a-double-reconfiguration\/","title":{"rendered":"WP3"},"content":{"rendered":"<p class=\"has-large-font-size\"><strong>Dual reconfiguration filters<\/strong><\/p>\n\n\n\n<p class=\"translation-block\">The aim of this 3rd WP is to design reconfigurable bandpass filters with independent control of their center frequency and bandwidth. Several technological solutions will be implemented, including initial demonstrators in planar technology, followed by new demonstrators in SIW technology. Each reconfiguration solution will control one of the two parameters for complete, independent control of the behavior of the filters developed.<\/p>","protected":false},"excerpt":{"rendered":"<p>Filtres \u00e0 double reconfiguration L&rsquo;objectif de ce 3\u00e8me WP est de concevoir des filtres passe-bandes reconfigurables avec un contr\u00f4le ind\u00e9pendant de leur fr\u00e9quence centrale et de leur bande passante. Plusieurs solutions technologiques seront mises en \u0153uvre avec notamment des premiers d\u00e9monstrateurs en technologies planaires puis de nouveaux d\u00e9monstrateurs en technologie SIW. Chaque solution de reconfiguration [&hellip;]<\/p>\n","protected":false},"author":1,"featured_media":0,"parent":22,"menu_order":0,"comment_status":"closed","ping_status":"closed","template":"","meta":{"footnotes":""},"class_list":["post-31","page","type-page","status-publish","hentry"],"_links":{"self":[{"href":"https:\/\/macieo.insa-rennes.fr\/en\/wp-json\/wp\/v2\/pages\/31","targetHints":{"allow":["GET"]}}],"collection":[{"href":"https:\/\/macieo.insa-rennes.fr\/en\/wp-json\/wp\/v2\/pages"}],"about":[{"href":"https:\/\/macieo.insa-rennes.fr\/en\/wp-json\/wp\/v2\/types\/page"}],"author":[{"embeddable":true,"href":"https:\/\/macieo.insa-rennes.fr\/en\/wp-json\/wp\/v2\/users\/1"}],"replies":[{"embeddable":true,"href":"https:\/\/macieo.insa-rennes.fr\/en\/wp-json\/wp\/v2\/comments?post=31"}],"version-history":[{"count":4,"href":"https:\/\/macieo.insa-rennes.fr\/en\/wp-json\/wp\/v2\/pages\/31\/revisions"}],"predecessor-version":[{"id":364,"href":"https:\/\/macieo.insa-rennes.fr\/en\/wp-json\/wp\/v2\/pages\/31\/revisions\/364"}],"up":[{"embeddable":true,"href":"https:\/\/macieo.insa-rennes.fr\/en\/wp-json\/wp\/v2\/pages\/22"}],"wp:attachment":[{"href":"https:\/\/macieo.insa-rennes.fr\/en\/wp-json\/wp\/v2\/media?parent=31"}],"curies":[{"name":"wp","href":"https:\/\/api.w.org\/{rel}","templated":true}]}}