{"id":109,"date":"2024-04-24T08:48:20","date_gmt":"2024-04-24T08:48:20","guid":{"rendered":"https:\/\/macieo.insa-rennes.fr\/?page_id=109"},"modified":"2024-04-24T09:01:22","modified_gmt":"2024-04-24T09:01:22","slug":"productions-scientifiques","status":"publish","type":"page","link":"https:\/\/macieo.insa-rennes.fr\/en\/productions-scientifiques\/","title":{"rendered":"Scientific outputs"},"content":{"rendered":"<p>Scientific output can take several forms in the context of a research project such as MACIEO. First and foremost, it takes the form of theoretical and\/or experimental results that are novel in relation to what already exists, known as the \u201cstate of the art\u201d. The communication and valorization of our results is intrinsically linked to our status as a researcher or teacher-researcher.<\/p>\n\n\n\n<p>This mainly takes the form of journal publications and presentations at major conferences in our respective fields. Prior to publication, certain major research projects may be the subject of a patent application to protect their exploitation. In some cases, this may even involve technology transfer to a private company or the creation of a start-up.<\/p>\n\n\n\n<p>There are, of course, other ways of communicating the results of a research project, starting with their presentation to our students or to the general public.<\/p>\n\n\n\n<p>This page will be progressively enriched throughout the MACIEO project and beyond, as new results are obtained and communicated in various forms.<\/p>\n\n\n\n<div class=\"wp-block-columns is-layout-flex wp-container-core-columns-is-layout-28f84493 wp-block-columns-is-layout-flex\">\n<div class=\"wp-block-column is-layout-flow wp-block-column-is-layout-flow\">\n<p class=\"has-text-align-center\"><strong><a href=\"https:\/\/macieo.insa-rennes.fr\/en\/productions-scientifiques\/publi-com-et-brevets\/\" data-type=\"page\" data-id=\"114\">Publication, Com and Patents<\/a><\/strong><\/p>\n<\/div>\n\n\n\n<div class=\"wp-block-column is-layout-flow wp-block-column-is-layout-flow\">\n<p class=\"has-text-align-center\"><strong><a href=\"https:\/\/macieo.insa-rennes.fr\/en\/productions-scientifiques\/resultats\/\" data-type=\"page\" data-id=\"118\">Results presentation<\/a><\/strong><\/p>\n<\/div>\n<\/div>","protected":false},"excerpt":{"rendered":"<p>La production scientifique peut prendre plusieurs formes dans le cadre de projet de recherche tel que MACIEO. Elle se traduit en premier lieu par des r\u00e9sultats th\u00e9oriques et\/ou exp\u00e9rimentaux apportant de la nouveaut\u00e9 par rapport \u00e0 l&rsquo;existant, ce qu&rsquo;on appelle l&rsquo;\u00e9tat de l&rsquo;art. La communication et la valorisation de nos r\u00e9sultats est intrins\u00e8quement li\u00e9e \u00e0 [&hellip;]<\/p>\n","protected":false},"author":1,"featured_media":0,"parent":0,"menu_order":0,"comment_status":"closed","ping_status":"closed","template":"","meta":{"footnotes":""},"class_list":["post-109","page","type-page","status-publish","hentry"],"_links":{"self":[{"href":"https:\/\/macieo.insa-rennes.fr\/en\/wp-json\/wp\/v2\/pages\/109","targetHints":{"allow":["GET"]}}],"collection":[{"href":"https:\/\/macieo.insa-rennes.fr\/en\/wp-json\/wp\/v2\/pages"}],"about":[{"href":"https:\/\/macieo.insa-rennes.fr\/en\/wp-json\/wp\/v2\/types\/page"}],"author":[{"embeddable":true,"href":"https:\/\/macieo.insa-rennes.fr\/en\/wp-json\/wp\/v2\/users\/1"}],"replies":[{"embeddable":true,"href":"https:\/\/macieo.insa-rennes.fr\/en\/wp-json\/wp\/v2\/comments?post=109"}],"version-history":[{"count":4,"href":"https:\/\/macieo.insa-rennes.fr\/en\/wp-json\/wp\/v2\/pages\/109\/revisions"}],"predecessor-version":[{"id":120,"href":"https:\/\/macieo.insa-rennes.fr\/en\/wp-json\/wp\/v2\/pages\/109\/revisions\/120"}],"wp:attachment":[{"href":"https:\/\/macieo.insa-rennes.fr\/en\/wp-json\/wp\/v2\/media?parent=109"}],"curies":[{"name":"wp","href":"https:\/\/api.w.org\/{rel}","templated":true}]}}